{"id":75,"date":"2024-04-24T14:19:37","date_gmt":"2024-04-24T12:19:37","guid":{"rendered":"http:\/\/192.168.11.41\/wordpress\/?page_id=75"},"modified":"2025-08-08T11:32:20","modified_gmt":"2025-08-08T09:32:20","slug":"contact","status":"publish","type":"page","link":"https:\/\/mge-informatique.com\/?page_id=75","title":{"rendered":"CONTACT"},"content":{"rendered":"\n<div class=\"wp-block-columns is-layout-flex wp-container-core-columns-is-layout-28f84493 wp-block-columns-is-layout-flex\">\n<div class=\"wp-block-column is-vertically-aligned-center is-layout-flow wp-block-column-is-layout-flow\">\n<div class=\"wp-block-columns is-layout-flex wp-container-core-columns-is-layout-28f84493 wp-block-columns-is-layout-flex\">\n<div class=\"wp-block-column is-layout-flow wp-block-column-is-layout-flow\" style=\"flex-basis:66.66%\">\n<iframe src=\"https:\/\/www.google.com\/maps\/embed?pb=!1m18!1m12!1m3!1d657.2719464356769!2d-3.4489722999999888!3d48.7802143!2m3!1f0!2f0!3f0!3m2!1i1024!2i768!4f13.1!3m3!1m2!1s0x48122e7ed30d144d%3A0x4bf881df418569ff!2sMGE%20Informatique!5e0!3m2!1sfr!2sfr!4v1713960991168!5m2!1sfr!2sfr\" width=\"600\" height=\"450\" style=\"border:0;\" allowfullscreen=\"\" loading=\"lazy\" referrerpolicy=\"no-referrer-when-downgrade\"><\/iframe>\n<\/div>\n\n\n\n<div class=\"wp-block-column is-layout-flow wp-block-column-is-layout-flow\" style=\"flex-basis:33.33%\">\n<p>Adresse : ZA de Paul lieu dit Saint Meen 22700 Saint-Quay Perros<br><\/p>\n\n\n\n<p>Nous joindre : <br><a href=\"tel: 02 96 91 18 68\" target=\"_blank\" rel=\"noreferrer noopener\">T\u00e9l\u00e9phone<\/a> <br><a href=\"mailto:contact@mge-informatique.com\" target=\"_blank\" rel=\"noreferrer noopener\">Mail<\/a>\u00a0<br><a href=\"https:\/\/www.facebook.com\/mgeinformatique\" target=\"_blank\" rel=\"noreferrer noopener\"><img loading=\"lazy\" decoding=\"async\" width=\"60\" height=\"60\" class=\"wp-image-115\" style=\"width: 60px;\" src=\"http:\/\/mge-informatique.com\/wp-content\/uploads\/2024\/04\/facebook-logo-facebook-icon-transparent-free-png.webp\" alt=\"\" srcset=\"https:\/\/mge-informatique.com\/wp-content\/uploads\/2024\/04\/facebook-logo-facebook-icon-transparent-free-png.webp 1920w, https:\/\/mge-informatique.com\/wp-content\/uploads\/2024\/04\/facebook-logo-facebook-icon-transparent-free-png-300x300.webp 300w, https:\/\/mge-informatique.com\/wp-content\/uploads\/2024\/04\/facebook-logo-facebook-icon-transparent-free-png-1024x1024.webp 1024w, https:\/\/mge-informatique.com\/wp-content\/uploads\/2024\/04\/facebook-logo-facebook-icon-transparent-free-png-150x150.webp 150w, https:\/\/mge-informatique.com\/wp-content\/uploads\/2024\/04\/facebook-logo-facebook-icon-transparent-free-png-768x768.webp 768w, https:\/\/mge-informatique.com\/wp-content\/uploads\/2024\/04\/facebook-logo-facebook-icon-transparent-free-png-1536x1536.webp 1536w\" sizes=\"auto, (max-width: 60px) 100vw, 60px\" \/><\/a><br>Horaires :<br>Lundi au Samedi : 9h00-12h00 14h00-18h00<br>Ferm\u00e9 le dimanche et les jours f\u00e9ri\u00e9s<br><\/p>\n<\/div>\n<\/div>\n<\/div>\n<\/div>\n","protected":false},"excerpt":{"rendered":"<p>Adresse : ZA de Paul lieu dit Saint Meen 22700 Saint-Quay Perros Nous joindre : [&hellip;]<\/p>\n","protected":false},"author":1,"featured_media":0,"parent":0,"menu_order":0,"comment_status":"closed","ping_status":"closed","template":"","meta":{"footnotes":""},"class_list":["post-75","page","type-page","status-publish","hentry"],"yoast_head":"<!-- This site is optimized with the Yoast SEO plugin v22.6 - https:\/\/yoast.com\/wordpress\/plugins\/seo\/ -->\n<title>CONTACT - mge informatique<\/title>\n<meta name=\"robots\" content=\"index, follow, max-snippet:-1, max-image-preview:large, max-video-preview:-1\" \/>\n<link rel=\"canonical\" href=\"https:\/\/mge-informatique.com\/?page_id=75\" \/>\n<meta property=\"og:locale\" content=\"fr_FR\" \/>\n<meta property=\"og:type\" content=\"article\" \/>\n<meta property=\"og:title\" content=\"CONTACT - mge informatique\" \/>\n<meta property=\"og:description\" content=\"Adresse : ZA de Paul lieu dit Saint Meen 22700 Saint-Quay Perros Nous joindre : [&hellip;]\" \/>\n<meta property=\"og:url\" content=\"https:\/\/mge-informatique.com\/?page_id=75\" \/>\n<meta property=\"og:site_name\" content=\"mge informatique\" \/>\n<meta property=\"article:modified_time\" content=\"2025-08-08T09:32:20+00:00\" \/>\n<meta property=\"og:image\" content=\"http:\/\/mge-informatique.com\/wp-content\/uploads\/2024\/04\/facebook-logo-facebook-icon-transparent-free-png.webp\" \/>\n<meta name=\"twitter:card\" content=\"summary_large_image\" \/>\n<meta name=\"twitter:label1\" content=\"Dur\u00e9e de lecture estim\u00e9e\" \/>\n\t<meta name=\"twitter:data1\" content=\"1 minute\" \/>\n<script type=\"application\/ld+json\" class=\"yoast-schema-graph\">{\"@context\":\"https:\/\/schema.org\",\"@graph\":[{\"@type\":\"WebPage\",\"@id\":\"https:\/\/mge-informatique.com\/?page_id=75\",\"url\":\"https:\/\/mge-informatique.com\/?page_id=75\",\"name\":\"CONTACT - mge informatique\",\"isPartOf\":{\"@id\":\"https:\/\/mge-informatique.com\/#website\"},\"primaryImageOfPage\":{\"@id\":\"https:\/\/mge-informatique.com\/?page_id=75#primaryimage\"},\"image\":{\"@id\":\"https:\/\/mge-informatique.com\/?page_id=75#primaryimage\"},\"thumbnailUrl\":\"http:\/\/mge-informatique.com\/wp-content\/uploads\/2024\/04\/facebook-logo-facebook-icon-transparent-free-png.webp\",\"datePublished\":\"2024-04-24T12:19:37+00:00\",\"dateModified\":\"2025-08-08T09:32:20+00:00\",\"breadcrumb\":{\"@id\":\"https:\/\/mge-informatique.com\/?page_id=75#breadcrumb\"},\"inLanguage\":\"fr-FR\",\"potentialAction\":[{\"@type\":\"ReadAction\",\"target\":[\"https:\/\/mge-informatique.com\/?page_id=75\"]}]},{\"@type\":\"ImageObject\",\"inLanguage\":\"fr-FR\",\"@id\":\"https:\/\/mge-informatique.com\/?page_id=75#primaryimage\",\"url\":\"https:\/\/mge-informatique.com\/wp-content\/uploads\/2024\/04\/facebook-logo-facebook-icon-transparent-free-png.webp\",\"contentUrl\":\"https:\/\/mge-informatique.com\/wp-content\/uploads\/2024\/04\/facebook-logo-facebook-icon-transparent-free-png.webp\",\"width\":1920,\"height\":1920},{\"@type\":\"BreadcrumbList\",\"@id\":\"https:\/\/mge-informatique.com\/?page_id=75#breadcrumb\",\"itemListElement\":[{\"@type\":\"ListItem\",\"position\":1,\"name\":\"Accueil\",\"item\":\"https:\/\/mge-informatique.com\/\"},{\"@type\":\"ListItem\",\"position\":2,\"name\":\"CONTACT\"}]},{\"@type\":\"WebSite\",\"@id\":\"https:\/\/mge-informatique.com\/#website\",\"url\":\"https:\/\/mge-informatique.com\/\",\"name\":\"mge informatique\",\"description\":\"\",\"potentialAction\":[{\"@type\":\"SearchAction\",\"target\":{\"@type\":\"EntryPoint\",\"urlTemplate\":\"https:\/\/mge-informatique.com\/?s={search_term_string}\"},\"query-input\":\"required name=search_term_string\"}],\"inLanguage\":\"fr-FR\"}]}<\/script>\n<!-- \/ Yoast SEO plugin. -->","yoast_head_json":{"title":"CONTACT - mge informatique","robots":{"index":"index","follow":"follow","max-snippet":"max-snippet:-1","max-image-preview":"max-image-preview:large","max-video-preview":"max-video-preview:-1"},"canonical":"https:\/\/mge-informatique.com\/?page_id=75","og_locale":"fr_FR","og_type":"article","og_title":"CONTACT - mge informatique","og_description":"Adresse : ZA de Paul lieu dit Saint Meen 22700 Saint-Quay Perros Nous joindre : [&hellip;]","og_url":"https:\/\/mge-informatique.com\/?page_id=75","og_site_name":"mge informatique","article_modified_time":"2025-08-08T09:32:20+00:00","og_image":[{"url":"http:\/\/mge-informatique.com\/wp-content\/uploads\/2024\/04\/facebook-logo-facebook-icon-transparent-free-png.webp"}],"twitter_card":"summary_large_image","twitter_misc":{"Dur\u00e9e de lecture estim\u00e9e":"1 minute"},"schema":{"@context":"https:\/\/schema.org","@graph":[{"@type":"WebPage","@id":"https:\/\/mge-informatique.com\/?page_id=75","url":"https:\/\/mge-informatique.com\/?page_id=75","name":"CONTACT - mge informatique","isPartOf":{"@id":"https:\/\/mge-informatique.com\/#website"},"primaryImageOfPage":{"@id":"https:\/\/mge-informatique.com\/?page_id=75#primaryimage"},"image":{"@id":"https:\/\/mge-informatique.com\/?page_id=75#primaryimage"},"thumbnailUrl":"http:\/\/mge-informatique.com\/wp-content\/uploads\/2024\/04\/facebook-logo-facebook-icon-transparent-free-png.webp","datePublished":"2024-04-24T12:19:37+00:00","dateModified":"2025-08-08T09:32:20+00:00","breadcrumb":{"@id":"https:\/\/mge-informatique.com\/?page_id=75#breadcrumb"},"inLanguage":"fr-FR","potentialAction":[{"@type":"ReadAction","target":["https:\/\/mge-informatique.com\/?page_id=75"]}]},{"@type":"ImageObject","inLanguage":"fr-FR","@id":"https:\/\/mge-informatique.com\/?page_id=75#primaryimage","url":"https:\/\/mge-informatique.com\/wp-content\/uploads\/2024\/04\/facebook-logo-facebook-icon-transparent-free-png.webp","contentUrl":"https:\/\/mge-informatique.com\/wp-content\/uploads\/2024\/04\/facebook-logo-facebook-icon-transparent-free-png.webp","width":1920,"height":1920},{"@type":"BreadcrumbList","@id":"https:\/\/mge-informatique.com\/?page_id=75#breadcrumb","itemListElement":[{"@type":"ListItem","position":1,"name":"Accueil","item":"https:\/\/mge-informatique.com\/"},{"@type":"ListItem","position":2,"name":"CONTACT"}]},{"@type":"WebSite","@id":"https:\/\/mge-informatique.com\/#website","url":"https:\/\/mge-informatique.com\/","name":"mge informatique","description":"","potentialAction":[{"@type":"SearchAction","target":{"@type":"EntryPoint","urlTemplate":"https:\/\/mge-informatique.com\/?s={search_term_string}"},"query-input":"required name=search_term_string"}],"inLanguage":"fr-FR"}]}},"_links":{"self":[{"href":"https:\/\/mge-informatique.com\/index.php?rest_route=\/wp\/v2\/pages\/75","targetHints":{"allow":["GET"]}}],"collection":[{"href":"https:\/\/mge-informatique.com\/index.php?rest_route=\/wp\/v2\/pages"}],"about":[{"href":"https:\/\/mge-informatique.com\/index.php?rest_route=\/wp\/v2\/types\/page"}],"author":[{"embeddable":true,"href":"https:\/\/mge-informatique.com\/index.php?rest_route=\/wp\/v2\/users\/1"}],"replies":[{"embeddable":true,"href":"https:\/\/mge-informatique.com\/index.php?rest_route=%2Fwp%2Fv2%2Fcomments&post=75"}],"version-history":[{"count":9,"href":"https:\/\/mge-informatique.com\/index.php?rest_route=\/wp\/v2\/pages\/75\/revisions"}],"predecessor-version":[{"id":183,"href":"https:\/\/mge-informatique.com\/index.php?rest_route=\/wp\/v2\/pages\/75\/revisions\/183"}],"wp:attachment":[{"href":"https:\/\/mge-informatique.com\/index.php?rest_route=%2Fwp%2Fv2%2Fmedia&parent=75"}],"curies":[{"name":"wp","href":"https:\/\/api.w.org\/{rel}","templated":true}]}}