{"id":40,"date":"2024-04-23T16:46:05","date_gmt":"2024-04-23T14:46:05","guid":{"rendered":"http:\/\/192.168.11.41\/wordpress\/?page_id=40"},"modified":"2024-04-25T15:18:06","modified_gmt":"2024-04-25T13:18:06","slug":"support","status":"publish","type":"page","link":"https:\/\/mge-informatique.com\/?page_id=40","title":{"rendered":"SUPPORT"},"content":{"rendered":"\n<div class=\"wp-block-columns is-layout-flex wp-container-core-columns-is-layout-28f84493 wp-block-columns-is-layout-flex\">\n<div class=\"wp-block-column is-layout-flow wp-block-column-is-layout-flow\">\n<div class=\"wp-block-columns is-layout-flex wp-container-core-columns-is-layout-28f84493 wp-block-columns-is-layout-flex\">\n<div class=\"wp-block-column is-layout-flow wp-block-column-is-layout-flow\">\n<div class=\"wp-block-columns is-layout-flex wp-container-core-columns-is-layout-28f84493 wp-block-columns-is-layout-flex\">\n<div class=\"wp-block-column is-layout-flow wp-block-column-is-layout-flow\">\n<figure class=\"wp-block-image size-full is-resized\"><a href=\"https:\/\/get.teamviewer.com\/r3x9c4a\" target=\"_blank\" rel=\"noreferrer noopener\"><img loading=\"lazy\" decoding=\"async\" src=\"http:\/\/mge-informatique.com\/wp-content\/uploads\/2024\/04\/dd4b95107b19228193f0cb69946ce787.png\" alt=\"\" class=\"wp-image-119\" width=\"427\" height=\"115\" srcset=\"https:\/\/mge-informatique.com\/wp-content\/uploads\/2024\/04\/dd4b95107b19228193f0cb69946ce787.png 875w, https:\/\/mge-informatique.com\/wp-content\/uploads\/2024\/04\/dd4b95107b19228193f0cb69946ce787-300x81.png 300w, https:\/\/mge-informatique.com\/wp-content\/uploads\/2024\/04\/dd4b95107b19228193f0cb69946ce787-768x207.png 768w\" sizes=\"auto, (max-width: 427px) 100vw, 427px\" \/><\/a><\/figure>\n<\/div>\n<\/div>\n\n\n\n<p class=\"has-text-align-center\">cliquer pour installer <\/p>\n<\/div>\n\n\n\n<div class=\"wp-block-column is-layout-flow wp-block-column-is-layout-flow\">\n<p>Besoin d\u2019un d\u00e9pannage informatique rapide directement chez vous ?\u00a0Profitez de notre\u00a0<strong>service d\u2019assistance \u00e0 distance<\/strong>. Nous pouvons prendre la main sur votre machine par internet afin d\u2019effectuer un diagnostic et si possible, proc\u00e9der \u00e0 son d\u00e9pannage.\u00a0<br>Afin de prendre la main, nous utilisons le logiciel Team Viewer<\/p>\n<\/div>\n<\/div>\n<\/div>\n<\/div>\n","protected":false},"excerpt":{"rendered":"<p>cliquer pour installer Besoin d\u2019un d\u00e9pannage informatique rapide directement chez vous ?\u00a0Profitez de notre\u00a0service d\u2019assistance [&hellip;]<\/p>\n","protected":false},"author":1,"featured_media":0,"parent":0,"menu_order":0,"comment_status":"closed","ping_status":"closed","template":"","meta":{"footnotes":""},"class_list":["post-40","page","type-page","status-publish","hentry"],"yoast_head":"<!-- This site is optimized with the Yoast SEO plugin v22.6 - https:\/\/yoast.com\/wordpress\/plugins\/seo\/ -->\n<title>SUPPORT - mge informatique<\/title>\n<meta name=\"robots\" content=\"index, follow, max-snippet:-1, max-image-preview:large, max-video-preview:-1\" \/>\n<link rel=\"canonical\" href=\"https:\/\/mge-informatique.com\/?page_id=40\" \/>\n<meta property=\"og:locale\" content=\"fr_FR\" \/>\n<meta property=\"og:type\" content=\"article\" \/>\n<meta property=\"og:title\" content=\"SUPPORT - mge informatique\" \/>\n<meta property=\"og:description\" content=\"cliquer pour installer Besoin d\u2019un d\u00e9pannage informatique rapide directement chez vous ?\u00a0Profitez de notre\u00a0service d\u2019assistance [&hellip;]\" \/>\n<meta property=\"og:url\" content=\"https:\/\/mge-informatique.com\/?page_id=40\" \/>\n<meta property=\"og:site_name\" content=\"mge informatique\" \/>\n<meta property=\"article:modified_time\" content=\"2024-04-25T13:18:06+00:00\" \/>\n<meta property=\"og:image\" content=\"http:\/\/mge-informatique.com\/wp-content\/uploads\/2024\/04\/dd4b95107b19228193f0cb69946ce787.png\" \/>\n<meta name=\"twitter:card\" content=\"summary_large_image\" \/>\n<script type=\"application\/ld+json\" class=\"yoast-schema-graph\">{\"@context\":\"https:\/\/schema.org\",\"@graph\":[{\"@type\":\"WebPage\",\"@id\":\"https:\/\/mge-informatique.com\/?page_id=40\",\"url\":\"https:\/\/mge-informatique.com\/?page_id=40\",\"name\":\"SUPPORT - mge informatique\",\"isPartOf\":{\"@id\":\"https:\/\/mge-informatique.com\/#website\"},\"primaryImageOfPage\":{\"@id\":\"https:\/\/mge-informatique.com\/?page_id=40#primaryimage\"},\"image\":{\"@id\":\"https:\/\/mge-informatique.com\/?page_id=40#primaryimage\"},\"thumbnailUrl\":\"http:\/\/mge-informatique.com\/wp-content\/uploads\/2024\/04\/dd4b95107b19228193f0cb69946ce787.png\",\"datePublished\":\"2024-04-23T14:46:05+00:00\",\"dateModified\":\"2024-04-25T13:18:06+00:00\",\"breadcrumb\":{\"@id\":\"https:\/\/mge-informatique.com\/?page_id=40#breadcrumb\"},\"inLanguage\":\"fr-FR\",\"potentialAction\":[{\"@type\":\"ReadAction\",\"target\":[\"https:\/\/mge-informatique.com\/?page_id=40\"]}]},{\"@type\":\"ImageObject\",\"inLanguage\":\"fr-FR\",\"@id\":\"https:\/\/mge-informatique.com\/?page_id=40#primaryimage\",\"url\":\"https:\/\/mge-informatique.com\/wp-content\/uploads\/2024\/04\/dd4b95107b19228193f0cb69946ce787.png\",\"contentUrl\":\"https:\/\/mge-informatique.com\/wp-content\/uploads\/2024\/04\/dd4b95107b19228193f0cb69946ce787.png\",\"width\":875,\"height\":236},{\"@type\":\"BreadcrumbList\",\"@id\":\"https:\/\/mge-informatique.com\/?page_id=40#breadcrumb\",\"itemListElement\":[{\"@type\":\"ListItem\",\"position\":1,\"name\":\"Accueil\",\"item\":\"https:\/\/mge-informatique.com\/\"},{\"@type\":\"ListItem\",\"position\":2,\"name\":\"SUPPORT\"}]},{\"@type\":\"WebSite\",\"@id\":\"https:\/\/mge-informatique.com\/#website\",\"url\":\"https:\/\/mge-informatique.com\/\",\"name\":\"mge informatique\",\"description\":\"\",\"potentialAction\":[{\"@type\":\"SearchAction\",\"target\":{\"@type\":\"EntryPoint\",\"urlTemplate\":\"https:\/\/mge-informatique.com\/?s={search_term_string}\"},\"query-input\":\"required name=search_term_string\"}],\"inLanguage\":\"fr-FR\"}]}<\/script>\n<!-- \/ Yoast SEO plugin. -->","yoast_head_json":{"title":"SUPPORT - mge informatique","robots":{"index":"index","follow":"follow","max-snippet":"max-snippet:-1","max-image-preview":"max-image-preview:large","max-video-preview":"max-video-preview:-1"},"canonical":"https:\/\/mge-informatique.com\/?page_id=40","og_locale":"fr_FR","og_type":"article","og_title":"SUPPORT - mge informatique","og_description":"cliquer pour installer Besoin d\u2019un d\u00e9pannage informatique rapide directement chez vous ?\u00a0Profitez de notre\u00a0service d\u2019assistance [&hellip;]","og_url":"https:\/\/mge-informatique.com\/?page_id=40","og_site_name":"mge informatique","article_modified_time":"2024-04-25T13:18:06+00:00","og_image":[{"url":"http:\/\/mge-informatique.com\/wp-content\/uploads\/2024\/04\/dd4b95107b19228193f0cb69946ce787.png"}],"twitter_card":"summary_large_image","schema":{"@context":"https:\/\/schema.org","@graph":[{"@type":"WebPage","@id":"https:\/\/mge-informatique.com\/?page_id=40","url":"https:\/\/mge-informatique.com\/?page_id=40","name":"SUPPORT - mge informatique","isPartOf":{"@id":"https:\/\/mge-informatique.com\/#website"},"primaryImageOfPage":{"@id":"https:\/\/mge-informatique.com\/?page_id=40#primaryimage"},"image":{"@id":"https:\/\/mge-informatique.com\/?page_id=40#primaryimage"},"thumbnailUrl":"http:\/\/mge-informatique.com\/wp-content\/uploads\/2024\/04\/dd4b95107b19228193f0cb69946ce787.png","datePublished":"2024-04-23T14:46:05+00:00","dateModified":"2024-04-25T13:18:06+00:00","breadcrumb":{"@id":"https:\/\/mge-informatique.com\/?page_id=40#breadcrumb"},"inLanguage":"fr-FR","potentialAction":[{"@type":"ReadAction","target":["https:\/\/mge-informatique.com\/?page_id=40"]}]},{"@type":"ImageObject","inLanguage":"fr-FR","@id":"https:\/\/mge-informatique.com\/?page_id=40#primaryimage","url":"https:\/\/mge-informatique.com\/wp-content\/uploads\/2024\/04\/dd4b95107b19228193f0cb69946ce787.png","contentUrl":"https:\/\/mge-informatique.com\/wp-content\/uploads\/2024\/04\/dd4b95107b19228193f0cb69946ce787.png","width":875,"height":236},{"@type":"BreadcrumbList","@id":"https:\/\/mge-informatique.com\/?page_id=40#breadcrumb","itemListElement":[{"@type":"ListItem","position":1,"name":"Accueil","item":"https:\/\/mge-informatique.com\/"},{"@type":"ListItem","position":2,"name":"SUPPORT"}]},{"@type":"WebSite","@id":"https:\/\/mge-informatique.com\/#website","url":"https:\/\/mge-informatique.com\/","name":"mge informatique","description":"","potentialAction":[{"@type":"SearchAction","target":{"@type":"EntryPoint","urlTemplate":"https:\/\/mge-informatique.com\/?s={search_term_string}"},"query-input":"required name=search_term_string"}],"inLanguage":"fr-FR"}]}},"_links":{"self":[{"href":"https:\/\/mge-informatique.com\/index.php?rest_route=\/wp\/v2\/pages\/40","targetHints":{"allow":["GET"]}}],"collection":[{"href":"https:\/\/mge-informatique.com\/index.php?rest_route=\/wp\/v2\/pages"}],"about":[{"href":"https:\/\/mge-informatique.com\/index.php?rest_route=\/wp\/v2\/types\/page"}],"author":[{"embeddable":true,"href":"https:\/\/mge-informatique.com\/index.php?rest_route=\/wp\/v2\/users\/1"}],"replies":[{"embeddable":true,"href":"https:\/\/mge-informatique.com\/index.php?rest_route=%2Fwp%2Fv2%2Fcomments&post=40"}],"version-history":[{"count":7,"href":"https:\/\/mge-informatique.com\/index.php?rest_route=\/wp\/v2\/pages\/40\/revisions"}],"predecessor-version":[{"id":149,"href":"https:\/\/mge-informatique.com\/index.php?rest_route=\/wp\/v2\/pages\/40\/revisions\/149"}],"wp:attachment":[{"href":"https:\/\/mge-informatique.com\/index.php?rest_route=%2Fwp%2Fv2%2Fmedia&parent=40"}],"curies":[{"name":"wp","href":"https:\/\/api.w.org\/{rel}","templated":true}]}}