{"id":36,"date":"2024-04-24T14:23:29","date_gmt":"2024-04-24T12:23:29","guid":{"rendered":"http:\/\/192.168.11.41\/wordpress\/?page_id=36"},"modified":"2024-05-13T11:45:13","modified_gmt":"2024-05-13T09:45:13","slug":"services","status":"publish","type":"page","link":"https:\/\/mge-informatique.com\/?page_id=36","title":{"rendered":"SERVICES"},"content":{"rendered":"\n<div class=\"wp-block-group alignfull gutenify-section-048e87a0-255d-11ee-9277-67ee2cb60c61 has-background-background-color has-background is-layout-constrained wp-container-core-group-is-layout-341efb48 wp-block-group-is-layout-constrained\" style=\"padding-top:100px;padding-right:30px;padding-bottom:100px;padding-left:30px\">\n<div class=\"wp-block-columns alignwide gutenify-section-0486e680-255d-11ee-9277-67ee2cb60c61 is-layout-flex wp-container-core-columns-is-layout-28f84493 wp-block-columns-is-layout-flex\">\n<div class=\"wp-block-column gutenify-section-0482a0c0-255d-11ee-9277-67ee2cb60c61 has-background is-layout-flow wp-block-column-is-layout-flow\" style=\"background-color:#ffb25900\">\n<div class=\"wp-block-group has-no-hover-shadow-dark gutenify-section-048279b0-255d-11ee-9277-67ee2cb60c61 is-layout-flow wp-container-core-group-is-layout-d522b09c wp-block-group-is-layout-flow\" style=\"border-style:none;border-width:0px;border-radius:0px;padding-top:60px;padding-right:50px;padding-bottom:60px;padding-left:50px\">\n<div class=\"wp-block-group gutenify-section-a2036a80-2794-11ee-905f-bd9463af851c is-layout-flow wp-container-core-group-is-layout-fe0e2ea3 wp-block-group-is-layout-flow\">\n<h3 class=\"has-text-align-center wp-block-heading gutenify-section-a200d270-2794-11ee-905f-bd9463af851c has-foreground-color has-text-color has-link-color wp-elements-a97175ee1fb2d857a8d1999bedf66978\" style=\"font-style:normal;font-weight:600;text-transform:capitalize\">VENTE dE mATERIEL eT aCCESSOIRES iNFORMATIQUES<\/h3>\n\n\n\n<div class=\"wp-block-group is-layout-constrained wp-block-group-is-layout-constrained\">\n<p>MGE Informatique proposent un large choix de mat\u00e9riel et de consommables informatiques, en effet nous avons un large choix de cartouche d&rsquo;encre de toute marque (Brother, HP, Canon&#8230;)<\/p>\n\n\n\n<p>Nous en vendons \u00e0 la marque comme en compatible, ainsi qu&rsquo;une grande s\u00e9lection de c\u00e2ble en tout genre.<\/p>\n\n\n\n<p>Vous avez \u00e9galement plusieurs possibilit\u00e9s si vous souhaitez vous fournir en mat\u00e9riel informatique : Ordinateurs portable, unit\u00e9s centrales, tablettes, t\u00e9l\u00e9phones ou encore imprimantes.<\/p>\n\n\n\n<p>Enfin nous vous proposons aussi une large gamme de p\u00e9riph\u00e9riques pouvant s&rsquo;adapter \u00e0 votre mat\u00e9riel tel que des claviers, des souris, des \u00e9crans, webcams, casques.<\/p>\n\n\n\n<p>Et si toutefois vous ne trouvez pas ce qu&rsquo;il vous faut nous nous chargerons de commander pour vous ce dont vous avez besoin.<\/p>\n<\/div>\n<\/div>\n<\/div>\n<\/div>\n\n\n\n<div class=\"wp-block-column gutenify-section-04847580-255d-11ee-9277-67ee2cb60c61 has-background is-layout-flow wp-block-column-is-layout-flow\" style=\"background-color:#ffb25900\">\n<div class=\"wp-block-group has-no-hover-shadow-dark gutenify-section-04844e70-255d-11ee-9277-67ee2cb60c61 is-layout-flow wp-container-core-group-is-layout-d522b09c wp-block-group-is-layout-flow\" style=\"border-style:none;border-width:0px;border-radius:0px;padding-top:60px;padding-right:50px;padding-bottom:60px;padding-left:50px\">\n<div class=\"wp-block-group gutenify-section-0481dd70-255d-11ee-9277-67ee2cb60c61 is-layout-flow wp-container-core-group-is-layout-fe0e2ea3 wp-block-group-is-layout-flow\">\n<h3 class=\"has-text-align-center wp-block-heading gutenify-section-04816840-255d-11ee-9277-67ee2cb60c61 has-foreground-color has-text-color has-link-color wp-elements-ca75299d917386a33d99bf608603ffc1\" style=\"font-style:normal;font-weight:600;text-transform:capitalize\">REPARATION eT eNTRETIEN dE vOTRE mATERIEL<\/h3>\n<\/div>\n\n\n\n<p>\u00c0 MGE Informatique, nous pouvons entretenir et r\u00e9parer votre mat\u00e9riel informatique, que ce soit votre ordinateur fixe ou portable, un t\u00e9l\u00e9phone, une tablette ou m\u00eame une imprimante.&nbsp;<\/p>\n\n\n\n<p>Nous assurons un diagnostic complet de votre machine afin de r\u00e9aliser la r\u00e9paration ou le remplacement de la pi\u00e8ce n\u00e9cessaire : carte m\u00e8re, carte graphique, disque dur, \u00e9cran, batterie, r\u00e9paration de charni\u00e8re de PC portable&#8230;<\/p>\n\n\n\n<p>Enfin, nous proposons une prestation d&rsquo;entretien d&rsquo;ordinateur afin de lui conserver toutes ses performances \u00e0 travers le temps.<\/p>\n\n\n\n<p>Nous intervenons aussi bien sur la machine que sur les programmes, syst\u00e8mes d&rsquo;exploitations et logiciels.<\/p>\n<\/div>\n<\/div>\n\n\n\n<div class=\"wp-block-column gutenify-section-0486bf70-255d-11ee-9277-67ee2cb60c61 has-background is-layout-flow wp-block-column-is-layout-flow\" style=\"background-color:#ffb25900\">\n<div class=\"wp-block-group has-no-hover-shadow-dark gutenify-section-04869860-255d-11ee-9277-67ee2cb60c61 is-layout-flow wp-container-core-group-is-layout-d522b09c wp-block-group-is-layout-flow\" style=\"border-style:none;border-width:0px;border-radius:0px;padding-top:60px;padding-right:50px;padding-bottom:60px;padding-left:50px\">\n<div class=\"wp-block-group gutenify-section-048586f0-255d-11ee-9277-67ee2cb60c61 is-layout-flow wp-container-core-group-is-layout-fe0e2ea3 wp-block-group-is-layout-flow\">\n<h3 class=\"has-text-align-center wp-block-heading gutenify-section-04855fe0-255d-11ee-9277-67ee2cb60c61 has-foreground-color has-text-color has-link-color wp-elements-41b006d8067a8f60d08d04da34f110ec\" style=\"font-style:normal;font-weight:600;text-transform:capitalize\">INSTALLATION D&rsquo;EQUIPEMENT iNFORMATIQUE<\/h3>\n<\/div>\n\n\n\n<p>Suite \u00e0 l&rsquo;analyse de vos besoins et \u00e0 la s\u00e9lection de vos \u00e9quipements, notre \u00e9quipe intervient sur site afin de r\u00e9aliser l&rsquo;installation compl\u00e8te de votre parc informatique.<\/p>\n\n\n\n<p>Nous assurons notamment la mise en r\u00e9seau de votre ordinateur avec ses p\u00e9riph\u00e9riques (imprimantes, t\u00e9l\u00e9copieurs&#8230;) et les autres ordinateurs du parc.<\/p>\n\n\n\n<p>Profitez d&rsquo;une v\u00e9ritable solution sur mesure adapt\u00e9e \u00e0 votre activit\u00e9, qu&rsquo;elle soit priv\u00e9e ou professionnelle.<\/p>\n<\/div>\n<\/div>\n<\/div>\n\n\n\n<div class=\"wp-block-columns alignwide gutenify-section-048e6090-255d-11ee-9277-67ee2cb60c61 is-layout-flex wp-container-core-columns-is-layout-28f84493 wp-block-columns-is-layout-flex\">\n<div class=\"wp-block-column gutenify-section-04890960-255d-11ee-9277-67ee2cb60c61 has-background is-layout-flow wp-block-column-is-layout-flow\" style=\"background-color:#ffb25900\">\n<div class=\"wp-block-group has-no-hover-shadow-dark gutenify-section-0488e250-255d-11ee-9277-67ee2cb60c61 is-layout-flow wp-container-core-group-is-layout-d522b09c wp-block-group-is-layout-flow\" style=\"border-style:none;border-width:0px;border-radius:0px;padding-top:60px;padding-right:50px;padding-bottom:60px;padding-left:50px\">\n<div class=\"wp-block-group gutenify-section-04881f00-255d-11ee-9277-67ee2cb60c61 is-layout-flow wp-container-core-group-is-layout-fe0e2ea3 wp-block-group-is-layout-flow\">\n<h3 class=\"has-text-align-center wp-block-heading gutenify-section-0487f7f0-255d-11ee-9277-67ee2cb60c61 has-foreground-color has-text-color has-link-color wp-elements-ba99bf39457f57fa3081341138a20060\" style=\"font-style:normal;font-weight:600;text-transform:capitalize\">INTERVENTION sUR sITE<\/h3>\n<\/div>\n\n\n\n<p>Un probl\u00e8me pour se d\u00e9placer ?<\/p>\n\n\n\n<p>Pas de probl\u00e8me, l&rsquo;entreprise MGE informatique se d\u00e9place aussi sur site, il suffit de nous appeler&nbsp;afin de prendre rendez-vous.&nbsp;<\/p>\n\n\n\n<p>Gr\u00e2ce aux interventions sur site, nous pouvons faire un diagnostic rapide de la machine et donc juger si le probl\u00e8me peut \u00eatre r\u00e9solu sur place ou non.<\/p>\n\n\n\n<p>Pour vous aussi professionnels, ne subissez plus les dommages que peut causer une panne de longue dur\u00e9e vous emp\u00eachant donc d&rsquo;assurer la continuit\u00e9 de votre activit\u00e9.\u00a0<\/p>\n\n\n\n<p>Nous intervenons au plus vite afin de diagnostiquer la panne et r\u00e9soudre le probl\u00e8me dans les plus brefs d\u00e9lais.<\/p>\n<\/div>\n<\/div>\n\n\n\n<div class=\"wp-block-column gutenify-section-048bc880-255d-11ee-9277-67ee2cb60c61 has-background is-layout-flow wp-block-column-is-layout-flow\" style=\"background-color:#ffb25900\">\n<div class=\"wp-block-group has-no-hover-shadow-dark gutenify-section-048ba170-255d-11ee-9277-67ee2cb60c61 is-layout-flow wp-container-core-group-is-layout-d522b09c wp-block-group-is-layout-flow\" style=\"border-style:none;border-width:0px;border-radius:0px;padding-top:60px;padding-right:50px;padding-bottom:60px;padding-left:50px\">\n<div class=\"wp-block-group gutenify-section-048ade20-255d-11ee-9277-67ee2cb60c61 is-layout-flow wp-container-core-group-is-layout-fe0e2ea3 wp-block-group-is-layout-flow\">\n<h3 class=\"has-text-align-center wp-block-heading gutenify-section-048a41e0-255d-11ee-9277-67ee2cb60c61 has-foreground-color has-text-color has-link-color wp-elements-fe22fe60862251b31bf0b37075800213\" style=\"font-style:normal;font-weight:600;text-transform:capitalize\">PRISE eN mAIN \u00e0 dISTANCE<\/h3>\n<\/div>\n\n\n\n<p>Besoin d\u2019un d\u00e9pannage informatique rapide directement chez vous ?&nbsp;<\/p>\n\n\n\n<p>Profitez de notre&nbsp;<strong>service d\u2019assistance \u00e0 distance<\/strong>. Nous pouvons prendre la main sur votre machine par internet afin d\u2019effectuer un diagnostic et si possible, proc\u00e9der \u00e0 son d\u00e9pannage.&nbsp;<\/p>\n\n\n\n<p>Afin de prendre la main, nous utilisons le logiciel Team Viewer que nous vous proposons dans l&rsquo;onglet\u00a0Support.<\/p>\n<\/div>\n<\/div>\n\n\n\n<div class=\"wp-block-column gutenify-section-048e1270-255d-11ee-9277-67ee2cb60c61 has-background is-layout-flow wp-block-column-is-layout-flow\" style=\"background-color:#ffb25900\">\n<div class=\"wp-block-group has-no-hover-shadow-dark gutenify-section-048deb60-255d-11ee-9277-67ee2cb60c61 is-layout-flow wp-container-core-group-is-layout-d522b09c wp-block-group-is-layout-flow\" style=\"border-style:none;border-width:0px;border-radius:0px;padding-top:60px;padding-right:50px;padding-bottom:60px;padding-left:50px\">\n<div class=\"wp-block-group gutenify-section-048d2810-255d-11ee-9277-67ee2cb60c61 is-layout-flow wp-container-core-group-is-layout-fe0e2ea3 wp-block-group-is-layout-flow\">\n<h3 class=\"has-text-align-center wp-block-heading gutenify-section-048cd9f0-255d-11ee-9277-67ee2cb60c61 has-foreground-color has-text-color has-link-color wp-elements-44da28b82e4da3339a135ea1468e6d85\" style=\"font-style:normal;font-weight:600;text-transform:capitalize\">REPRISE dE vOTRE mATERIEL POUR dESTRUCTON<\/h3>\n<\/div>\n\n\n\n<p>Vous souhaitez changer de machine ou vous d\u00e9barrasser d&rsquo;un ordinateur d\u00e9faillant ?<\/p>\n\n\n\n<p>Nous reprenons vos machines de toutes marques afin de les d\u00e9truire en s&rsquo;assurant de la destruction de votre disque dur afin que vos donn\u00e9es ne tombent pas entre de mauvaises mains.<\/p>\n\n\n\n<p>Une solution simple et \u00e9cologique !<\/p>\n<\/div>\n<\/div>\n<\/div>\n<\/div>\n","protected":false},"excerpt":{"rendered":"<p>VENTE dE mATERIEL eT aCCESSOIRES iNFORMATIQUES MGE Informatique proposent un large choix de mat\u00e9riel et [&hellip;]<\/p>\n","protected":false},"author":1,"featured_media":0,"parent":0,"menu_order":0,"comment_status":"closed","ping_status":"closed","template":"","meta":{"footnotes":""},"class_list":["post-36","page","type-page","status-publish","hentry"],"yoast_head":"<!-- This site is optimized with the Yoast SEO plugin v22.6 - https:\/\/yoast.com\/wordpress\/plugins\/seo\/ -->\n<title>SERVICES - mge informatique<\/title>\n<meta name=\"robots\" content=\"index, follow, max-snippet:-1, max-image-preview:large, max-video-preview:-1\" \/>\n<link rel=\"canonical\" href=\"https:\/\/mge-informatique.com\/?page_id=36\" \/>\n<meta property=\"og:locale\" content=\"fr_FR\" \/>\n<meta property=\"og:type\" content=\"article\" \/>\n<meta property=\"og:title\" content=\"SERVICES - mge informatique\" \/>\n<meta property=\"og:description\" content=\"VENTE dE mATERIEL eT aCCESSOIRES iNFORMATIQUES MGE Informatique proposent un large choix de mat\u00e9riel et [&hellip;]\" \/>\n<meta property=\"og:url\" content=\"https:\/\/mge-informatique.com\/?page_id=36\" \/>\n<meta property=\"og:site_name\" content=\"mge informatique\" \/>\n<meta property=\"article:modified_time\" content=\"2024-05-13T09:45:13+00:00\" \/>\n<meta name=\"twitter:card\" content=\"summary_large_image\" \/>\n<meta name=\"twitter:label1\" content=\"Dur\u00e9e de lecture estim\u00e9e\" \/>\n\t<meta name=\"twitter:data1\" content=\"3 minutes\" \/>\n<script type=\"application\/ld+json\" class=\"yoast-schema-graph\">{\"@context\":\"https:\/\/schema.org\",\"@graph\":[{\"@type\":\"WebPage\",\"@id\":\"https:\/\/mge-informatique.com\/?page_id=36\",\"url\":\"https:\/\/mge-informatique.com\/?page_id=36\",\"name\":\"SERVICES - mge informatique\",\"isPartOf\":{\"@id\":\"https:\/\/mge-informatique.com\/#website\"},\"datePublished\":\"2024-04-24T12:23:29+00:00\",\"dateModified\":\"2024-05-13T09:45:13+00:00\",\"breadcrumb\":{\"@id\":\"https:\/\/mge-informatique.com\/?page_id=36#breadcrumb\"},\"inLanguage\":\"fr-FR\",\"potentialAction\":[{\"@type\":\"ReadAction\",\"target\":[\"https:\/\/mge-informatique.com\/?page_id=36\"]}]},{\"@type\":\"BreadcrumbList\",\"@id\":\"https:\/\/mge-informatique.com\/?page_id=36#breadcrumb\",\"itemListElement\":[{\"@type\":\"ListItem\",\"position\":1,\"name\":\"Accueil\",\"item\":\"https:\/\/mge-informatique.com\/\"},{\"@type\":\"ListItem\",\"position\":2,\"name\":\"SERVICES\"}]},{\"@type\":\"WebSite\",\"@id\":\"https:\/\/mge-informatique.com\/#website\",\"url\":\"https:\/\/mge-informatique.com\/\",\"name\":\"mge informatique\",\"description\":\"\",\"potentialAction\":[{\"@type\":\"SearchAction\",\"target\":{\"@type\":\"EntryPoint\",\"urlTemplate\":\"https:\/\/mge-informatique.com\/?s={search_term_string}\"},\"query-input\":\"required name=search_term_string\"}],\"inLanguage\":\"fr-FR\"}]}<\/script>\n<!-- \/ Yoast SEO plugin. -->","yoast_head_json":{"title":"SERVICES - mge informatique","robots":{"index":"index","follow":"follow","max-snippet":"max-snippet:-1","max-image-preview":"max-image-preview:large","max-video-preview":"max-video-preview:-1"},"canonical":"https:\/\/mge-informatique.com\/?page_id=36","og_locale":"fr_FR","og_type":"article","og_title":"SERVICES - mge informatique","og_description":"VENTE dE mATERIEL eT aCCESSOIRES iNFORMATIQUES MGE Informatique proposent un large choix de mat\u00e9riel et [&hellip;]","og_url":"https:\/\/mge-informatique.com\/?page_id=36","og_site_name":"mge informatique","article_modified_time":"2024-05-13T09:45:13+00:00","twitter_card":"summary_large_image","twitter_misc":{"Dur\u00e9e de lecture estim\u00e9e":"3 minutes"},"schema":{"@context":"https:\/\/schema.org","@graph":[{"@type":"WebPage","@id":"https:\/\/mge-informatique.com\/?page_id=36","url":"https:\/\/mge-informatique.com\/?page_id=36","name":"SERVICES - mge informatique","isPartOf":{"@id":"https:\/\/mge-informatique.com\/#website"},"datePublished":"2024-04-24T12:23:29+00:00","dateModified":"2024-05-13T09:45:13+00:00","breadcrumb":{"@id":"https:\/\/mge-informatique.com\/?page_id=36#breadcrumb"},"inLanguage":"fr-FR","potentialAction":[{"@type":"ReadAction","target":["https:\/\/mge-informatique.com\/?page_id=36"]}]},{"@type":"BreadcrumbList","@id":"https:\/\/mge-informatique.com\/?page_id=36#breadcrumb","itemListElement":[{"@type":"ListItem","position":1,"name":"Accueil","item":"https:\/\/mge-informatique.com\/"},{"@type":"ListItem","position":2,"name":"SERVICES"}]},{"@type":"WebSite","@id":"https:\/\/mge-informatique.com\/#website","url":"https:\/\/mge-informatique.com\/","name":"mge informatique","description":"","potentialAction":[{"@type":"SearchAction","target":{"@type":"EntryPoint","urlTemplate":"https:\/\/mge-informatique.com\/?s={search_term_string}"},"query-input":"required name=search_term_string"}],"inLanguage":"fr-FR"}]}},"_links":{"self":[{"href":"https:\/\/mge-informatique.com\/index.php?rest_route=\/wp\/v2\/pages\/36","targetHints":{"allow":["GET"]}}],"collection":[{"href":"https:\/\/mge-informatique.com\/index.php?rest_route=\/wp\/v2\/pages"}],"about":[{"href":"https:\/\/mge-informatique.com\/index.php?rest_route=\/wp\/v2\/types\/page"}],"author":[{"embeddable":true,"href":"https:\/\/mge-informatique.com\/index.php?rest_route=\/wp\/v2\/users\/1"}],"replies":[{"embeddable":true,"href":"https:\/\/mge-informatique.com\/index.php?rest_route=%2Fwp%2Fv2%2Fcomments&post=36"}],"version-history":[{"count":20,"href":"https:\/\/mge-informatique.com\/index.php?rest_route=\/wp\/v2\/pages\/36\/revisions"}],"predecessor-version":[{"id":176,"href":"https:\/\/mge-informatique.com\/index.php?rest_route=\/wp\/v2\/pages\/36\/revisions\/176"}],"wp:attachment":[{"href":"https:\/\/mge-informatique.com\/index.php?rest_route=%2Fwp%2Fv2%2Fmedia&parent=36"}],"curies":[{"name":"wp","href":"https:\/\/api.w.org\/{rel}","templated":true}]}}