{"id":13,"date":"2024-04-23T15:44:02","date_gmt":"2024-04-23T13:44:02","guid":{"rendered":"http:\/\/192.168.11.41\/wordpress\/?page_id=13"},"modified":"2024-04-24T15:42:11","modified_gmt":"2024-04-24T13:42:11","slug":"page-contact","status":"publish","type":"page","link":"https:\/\/mge-informatique.com\/?page_id=13","title":{"rendered":"A PROPOS"},"content":{"rendered":"\n<div class=\"wp-block-columns is-layout-flex wp-container-core-columns-is-layout-28f84493 wp-block-columns-is-layout-flex\">\n<div class=\"wp-block-column is-layout-flow wp-block-column-is-layout-flow\">\n<div class=\"wp-block-columns is-layout-flex wp-container-core-columns-is-layout-28f84493 wp-block-columns-is-layout-flex\">\n<div class=\"wp-block-column is-layout-flow wp-block-column-is-layout-flow\">\n<figure class=\"wp-block-image size-large is-resized\"><img loading=\"lazy\" decoding=\"async\" src=\"http:\/\/mge-informatique.com\/wp-content\/uploads\/2024\/04\/45d8140f46734db6ff1e0f88cfa5a062-1-1024x673.jpg\" alt=\"\" class=\"wp-image-80\" width=\"440\" height=\"289\" srcset=\"https:\/\/mge-informatique.com\/wp-content\/uploads\/2024\/04\/45d8140f46734db6ff1e0f88cfa5a062-1-1024x673.jpg 1024w, https:\/\/mge-informatique.com\/wp-content\/uploads\/2024\/04\/45d8140f46734db6ff1e0f88cfa5a062-1-300x197.jpg 300w, https:\/\/mge-informatique.com\/wp-content\/uploads\/2024\/04\/45d8140f46734db6ff1e0f88cfa5a062-1-768x504.jpg 768w, https:\/\/mge-informatique.com\/wp-content\/uploads\/2024\/04\/45d8140f46734db6ff1e0f88cfa5a062-1-1536x1009.jpg 1536w, https:\/\/mge-informatique.com\/wp-content\/uploads\/2024\/04\/45d8140f46734db6ff1e0f88cfa5a062-1.jpg 2048w\" sizes=\"auto, (max-width: 440px) 100vw, 440px\" \/><\/figure>\n<\/div>\n\n\n\n<div class=\"wp-block-column is-layout-flow wp-block-column-is-layout-flow\">\n<p>MGE INFORMATIQUE est une petite entreprise sp\u00e9cialis\u00e9e dans le montage et la maintenance de mat\u00e9riel informatique. Les machines sont assembl\u00e9es de mani\u00e8re \u00e0 correspondre \u00e0 l&rsquo;attente de nos clients. Ainsi, chacune des machines que nous fournissons est diff\u00e9rentes.<\/p>\n\n\n\n<p>Nous assemblons et installons les PC aussi bien pour les particuliers que pour les professionnels. Si le besoin s&rsquo;en fais sentir, nous intervenons \u00e9galement sur site pour d\u00e9panner, pour former, ou bien pour conseiller.&nbsp;<\/p>\n<\/div>\n<\/div>\n<\/div>\n<\/div>\n","protected":false},"excerpt":{"rendered":"<p>MGE INFORMATIQUE est une petite entreprise sp\u00e9cialis\u00e9e dans le montage et la maintenance de mat\u00e9riel [&hellip;]<\/p>\n","protected":false},"author":1,"featured_media":0,"parent":0,"menu_order":0,"comment_status":"closed","ping_status":"closed","template":"","meta":{"footnotes":""},"class_list":["post-13","page","type-page","status-publish","hentry"],"yoast_head":"<!-- This site is optimized with the Yoast SEO plugin v22.6 - https:\/\/yoast.com\/wordpress\/plugins\/seo\/ -->\n<title>A PROPOS - mge informatique<\/title>\n<meta name=\"robots\" content=\"index, follow, max-snippet:-1, max-image-preview:large, max-video-preview:-1\" \/>\n<link rel=\"canonical\" href=\"https:\/\/mge-informatique.com\/?page_id=13\" \/>\n<meta property=\"og:locale\" content=\"fr_FR\" \/>\n<meta property=\"og:type\" content=\"article\" \/>\n<meta property=\"og:title\" content=\"A PROPOS - mge informatique\" \/>\n<meta property=\"og:description\" content=\"MGE INFORMATIQUE est une petite entreprise sp\u00e9cialis\u00e9e dans le montage et la maintenance de mat\u00e9riel [&hellip;]\" \/>\n<meta property=\"og:url\" content=\"https:\/\/mge-informatique.com\/?page_id=13\" \/>\n<meta property=\"og:site_name\" content=\"mge informatique\" \/>\n<meta property=\"article:modified_time\" content=\"2024-04-24T13:42:11+00:00\" \/>\n<meta property=\"og:image\" content=\"http:\/\/mge-informatique.com\/wp-content\/uploads\/2024\/04\/45d8140f46734db6ff1e0f88cfa5a062-1-1024x673.jpg\" \/>\n<meta name=\"twitter:card\" content=\"summary_large_image\" \/>\n<script type=\"application\/ld+json\" class=\"yoast-schema-graph\">{\"@context\":\"https:\/\/schema.org\",\"@graph\":[{\"@type\":\"WebPage\",\"@id\":\"https:\/\/mge-informatique.com\/?page_id=13\",\"url\":\"https:\/\/mge-informatique.com\/?page_id=13\",\"name\":\"A PROPOS - mge informatique\",\"isPartOf\":{\"@id\":\"https:\/\/mge-informatique.com\/#website\"},\"primaryImageOfPage\":{\"@id\":\"https:\/\/mge-informatique.com\/?page_id=13#primaryimage\"},\"image\":{\"@id\":\"https:\/\/mge-informatique.com\/?page_id=13#primaryimage\"},\"thumbnailUrl\":\"http:\/\/mge-informatique.com\/wp-content\/uploads\/2024\/04\/45d8140f46734db6ff1e0f88cfa5a062-1-1024x673.jpg\",\"datePublished\":\"2024-04-23T13:44:02+00:00\",\"dateModified\":\"2024-04-24T13:42:11+00:00\",\"breadcrumb\":{\"@id\":\"https:\/\/mge-informatique.com\/?page_id=13#breadcrumb\"},\"inLanguage\":\"fr-FR\",\"potentialAction\":[{\"@type\":\"ReadAction\",\"target\":[\"https:\/\/mge-informatique.com\/?page_id=13\"]}]},{\"@type\":\"ImageObject\",\"inLanguage\":\"fr-FR\",\"@id\":\"https:\/\/mge-informatique.com\/?page_id=13#primaryimage\",\"url\":\"https:\/\/mge-informatique.com\/wp-content\/uploads\/2024\/04\/45d8140f46734db6ff1e0f88cfa5a062-1.jpg\",\"contentUrl\":\"https:\/\/mge-informatique.com\/wp-content\/uploads\/2024\/04\/45d8140f46734db6ff1e0f88cfa5a062-1.jpg\",\"width\":2048,\"height\":1345},{\"@type\":\"BreadcrumbList\",\"@id\":\"https:\/\/mge-informatique.com\/?page_id=13#breadcrumb\",\"itemListElement\":[{\"@type\":\"ListItem\",\"position\":1,\"name\":\"Accueil\",\"item\":\"https:\/\/mge-informatique.com\/\"},{\"@type\":\"ListItem\",\"position\":2,\"name\":\"A PROPOS\"}]},{\"@type\":\"WebSite\",\"@id\":\"https:\/\/mge-informatique.com\/#website\",\"url\":\"https:\/\/mge-informatique.com\/\",\"name\":\"mge informatique\",\"description\":\"\",\"potentialAction\":[{\"@type\":\"SearchAction\",\"target\":{\"@type\":\"EntryPoint\",\"urlTemplate\":\"https:\/\/mge-informatique.com\/?s={search_term_string}\"},\"query-input\":\"required name=search_term_string\"}],\"inLanguage\":\"fr-FR\"}]}<\/script>\n<!-- \/ Yoast SEO plugin. -->","yoast_head_json":{"title":"A PROPOS - mge informatique","robots":{"index":"index","follow":"follow","max-snippet":"max-snippet:-1","max-image-preview":"max-image-preview:large","max-video-preview":"max-video-preview:-1"},"canonical":"https:\/\/mge-informatique.com\/?page_id=13","og_locale":"fr_FR","og_type":"article","og_title":"A PROPOS - mge informatique","og_description":"MGE INFORMATIQUE est une petite entreprise sp\u00e9cialis\u00e9e dans le montage et la maintenance de mat\u00e9riel [&hellip;]","og_url":"https:\/\/mge-informatique.com\/?page_id=13","og_site_name":"mge informatique","article_modified_time":"2024-04-24T13:42:11+00:00","og_image":[{"url":"http:\/\/mge-informatique.com\/wp-content\/uploads\/2024\/04\/45d8140f46734db6ff1e0f88cfa5a062-1-1024x673.jpg"}],"twitter_card":"summary_large_image","schema":{"@context":"https:\/\/schema.org","@graph":[{"@type":"WebPage","@id":"https:\/\/mge-informatique.com\/?page_id=13","url":"https:\/\/mge-informatique.com\/?page_id=13","name":"A PROPOS - mge informatique","isPartOf":{"@id":"https:\/\/mge-informatique.com\/#website"},"primaryImageOfPage":{"@id":"https:\/\/mge-informatique.com\/?page_id=13#primaryimage"},"image":{"@id":"https:\/\/mge-informatique.com\/?page_id=13#primaryimage"},"thumbnailUrl":"http:\/\/mge-informatique.com\/wp-content\/uploads\/2024\/04\/45d8140f46734db6ff1e0f88cfa5a062-1-1024x673.jpg","datePublished":"2024-04-23T13:44:02+00:00","dateModified":"2024-04-24T13:42:11+00:00","breadcrumb":{"@id":"https:\/\/mge-informatique.com\/?page_id=13#breadcrumb"},"inLanguage":"fr-FR","potentialAction":[{"@type":"ReadAction","target":["https:\/\/mge-informatique.com\/?page_id=13"]}]},{"@type":"ImageObject","inLanguage":"fr-FR","@id":"https:\/\/mge-informatique.com\/?page_id=13#primaryimage","url":"https:\/\/mge-informatique.com\/wp-content\/uploads\/2024\/04\/45d8140f46734db6ff1e0f88cfa5a062-1.jpg","contentUrl":"https:\/\/mge-informatique.com\/wp-content\/uploads\/2024\/04\/45d8140f46734db6ff1e0f88cfa5a062-1.jpg","width":2048,"height":1345},{"@type":"BreadcrumbList","@id":"https:\/\/mge-informatique.com\/?page_id=13#breadcrumb","itemListElement":[{"@type":"ListItem","position":1,"name":"Accueil","item":"https:\/\/mge-informatique.com\/"},{"@type":"ListItem","position":2,"name":"A PROPOS"}]},{"@type":"WebSite","@id":"https:\/\/mge-informatique.com\/#website","url":"https:\/\/mge-informatique.com\/","name":"mge informatique","description":"","potentialAction":[{"@type":"SearchAction","target":{"@type":"EntryPoint","urlTemplate":"https:\/\/mge-informatique.com\/?s={search_term_string}"},"query-input":"required name=search_term_string"}],"inLanguage":"fr-FR"}]}},"_links":{"self":[{"href":"https:\/\/mge-informatique.com\/index.php?rest_route=\/wp\/v2\/pages\/13","targetHints":{"allow":["GET"]}}],"collection":[{"href":"https:\/\/mge-informatique.com\/index.php?rest_route=\/wp\/v2\/pages"}],"about":[{"href":"https:\/\/mge-informatique.com\/index.php?rest_route=\/wp\/v2\/types\/page"}],"author":[{"embeddable":true,"href":"https:\/\/mge-informatique.com\/index.php?rest_route=\/wp\/v2\/users\/1"}],"replies":[{"embeddable":true,"href":"https:\/\/mge-informatique.com\/index.php?rest_route=%2Fwp%2Fv2%2Fcomments&post=13"}],"version-history":[{"count":6,"href":"https:\/\/mge-informatique.com\/index.php?rest_route=\/wp\/v2\/pages\/13\/revisions"}],"predecessor-version":[{"id":81,"href":"https:\/\/mge-informatique.com\/index.php?rest_route=\/wp\/v2\/pages\/13\/revisions\/81"}],"wp:attachment":[{"href":"https:\/\/mge-informatique.com\/index.php?rest_route=%2Fwp%2Fv2%2Fmedia&parent=13"}],"curies":[{"name":"wp","href":"https:\/\/api.w.org\/{rel}","templated":true}]}}